{"id":203,"date":"2022-03-06T11:14:19","date_gmt":"2022-03-06T11:14:19","guid":{"rendered":"https:\/\/hantelmann-lubeca.de\/?page_id=203"},"modified":"2022-03-16T14:26:18","modified_gmt":"2022-03-16T14:26:18","slug":"home","status":"publish","type":"page","link":"https:\/\/hantelmann-lubeca.de\/en\/","title":{"rendered":"Home"},"content":{"rendered":"\r\n<video playsinline=\"\" autoplay=\"\" muted=\"\" loop=\"\" style=\"object-fit: cover;height: 756px;display: flex;width: 100%;object-position: 50% 0%;\">\r\n  <source src=\"\/wp-content\/uploads\/2022\/03\/Lubeca-banner-HD.mp4\" type=\"video\/mp4\">\r\n  Your browser does not support the video tag.\r\n<\/video>\r\n<div style=\"width:100%; margin: -120px 0% 0px 0%; height: 120px; background-color: rgba(0,81,161,0.9); position: relative;\">\r\n\t<h1 class=\"h3_STYLE\" style=\"color: #fff; font-weight: 400; padding: 36px 0px 0px 10%;\">\r\n\t\tVerschlie\u00dfmaschinen \u201emade in Germany\u201c since 1901\r\n\t<\/h1>\r\n<\/div>\r\n\r\n\r\n\r\n<div style=\"height: 60px;\"> <\/div>\r\n\r\n<div id=\"machinen\" style=\"padding: 0% 5%;\">\r\n\t\r\n\t<h2 class=\"h2_STYLE cntr\">\r\n\t\tMASCHINEN\r\n\t<\/h2>\r\n\t<p class=\"cntr\">\r\n\t\tDie LUBECA Verschlie\u00dfmaschinen GmbH ist Ihr kompetenter Ansprechpartner fu\u0308r die Entwicklung und Herstellung neuer halbautomatischer und vollautomatischer Verschlie\u00dfmaschinen f\u00fcr runde und unrunde Dosen und Gl\u00e4ser \u2013 speziell auf Ihre Bedu\u0308rfnisse abgestimmt.\r\n\t<\/p>\r\n\t<p class=\"cntr\">\r\n\t\tLUBECA hat sich in der internationalen Kundschaft als Stammlieferant fu\u0308r Dosenverschlie\u00dfmaschinen aus rostfreiem Edelstahl etabliert.\r\n\t<\/p>\r\n\t\r\n\t<div style=\"height: 60px;\"> <\/div>\r\n\t\r\n\t\r\n\t<div class=\"row\" style=\"justify-content: center; align-items: center;\">\r\n\t\t<div class=\"col-md-4\">\r\n\t\t\t<div class=\"cntr SERV-BOX\">\r\n\r\n\t\t\t\t<h3 class=\"h3_STYLE cntr\">Dosenverschlie\u00dfer <\/h3>\r\n\t\t\t\t<img decoding=\"async\"  alt=\"Lubeca Hantelmann Dosenverschlie\u00dfer\" src=\"\/wp-content\/uploads\/2022\/03\/LW600_01.png\" style=\"object-fit: cover; max-height: 300px; width: 100%;\">\r\n\t\t\t\t<div class=\"item--inner builder-item--button_base\" data-section=\"header_button\" data-item-id=\"button_base\">\r\n\t\t\t\t\t<div class=\"component-wrap\" style=\"justify-content: center;\">\r\n\t\t\t\t\t\t<a href=\"\/maschinen\/#maschinen-dosen\" class=\"button button-primary\">Mehr dazu<\/a>\r\n\t\t\t\t\t<\/div>\r\n\t\t\t\t<\/div>\r\n\t\t\t<\/div>\r\n\t\t<\/div>\r\n\t\t<div class=\"col-md-4\">\r\n\t\t\t<div class=\"cntr SERV-BOX\">\r\n\t\t\t\t\r\n\t\t\t\t<h3 class=\"h3_STYLE cntr\">Gl\u00e4serverschlie\u00dfer <\/h3>\r\n\t\t\t\t<img decoding=\"async\" alt=\"Lubeca Hantelmann Gl\u00e4serverschlie\u00dfer \" src=\"\/wp-content\/uploads\/2022\/03\/LW6000_04.png\" style=\"object-fit: cover; max-height: 300px; width: 100%;\">\r\n\t\t\t\t<div class=\"item--inner builder-item--button_base\" data-section=\"header_button\" data-item-id=\"button_base\">\r\n\t\t\t\t\t<div class=\"component-wrap\" style=\"justify-content: center;\">\r\n\t\t\t\t\t\t<a href=\"\/maschinen\/#maschinen-glas\" class=\"button button-primary\">Mehr dazu<\/a>\r\n\t\t\t\t\t<\/div>\r\n\t\t\t\t<\/div>\r\n\t\t\t<\/div>\r\n\t\t<\/div>\r\n\t\t<div class=\"col-md-4\">\r\n\t\t\t<div class=\"cntr SERV-BOX\">\r\n\r\n\t\t\t\t<h3 class=\"h3_STYLE cntr\">Sondermaschinen<\/h3>\r\n\t\t\t\t<img decoding=\"async\" alt=\"Lubeca Hantelmann Sondermaschinen\"  src=\"\/wp-content\/uploads\/2022\/03\/HOME-SONDERMASCHINEN-Foto-austauschen.jpg\" style=\"object-fit: cover; max-height: 300px; width: 100%;\">\r\n\t\t\t\t<div class=\"item--inner builder-item--button_base\" data-section=\"header_button\" data-item-id=\"button_base\">\r\n\t\t\t\t\t<div class=\"component-wrap\" style=\"justify-content: center;\">\r\n\t\t\t\t\t\t<a href=\"\/maschinen\/#sondermaschinen\" class=\"button button-primary\">Mehr dazu<\/a>\r\n\t\t\t\t\t<\/div>\r\n\t\t\t\t<\/div>\r\n\t\t\t<\/div>\r\n\t\t<\/div>\r\n\t<\/div>\r\n\t\r\n\t\r\n<\/div>\r\n\r\n<div style=\"height: 60px;\"> <\/div>\r\n\r\n<div class=\"row\" style=\"justify-content: center; align-items: center;\">\r\n\t<div class=\"col-md-7\">\r\n\t<\/div>\r\n\t\r\n\t\r\n\t\t<div class=\"col-md-5\" style=\"padding: 0% 5%;\">\r\n\t\r\n\t\r\n\t\t<h2 class=\"h2_STYLE\">\r\n\t\t\tMehr Sicherheit f\u00fcr Lebensmittel\r\n\t\t<\/h2>\r\n\t\t\r\n\t\t<p style=\"margin: 0px 100px 0px -100px;\">\r\n\t\t\r\n\t\t\r\n\t\t\tWir liefern sichere und zuverl\u00e4ssige Verschlie\u00dftechnik f\u00fcr die internationale\r\n\t\t\t<br\/>Lebensmittelindustrie. Unser Unternehmen gliedert sich in zwei Bereiche:\r\n\t\t<\/p>\r\n\t\t<ul>\r\n\t\t\t\r\n\t\t\t<li style=\"margin: 20px 200px 0px -200px;\">\r\n\t\t\t\r\n\t\t\t\r\n\t\t\tDie Entwicklung und Herstellung neuer halbautomatischer und vollautomatischer Dosen- und Gl\u00e4serverschlie\u00dfmaschinen \u2013 speziell auf Ihre Bed\u00fcrfnisse abgestimmt.<\/li>\r\n\t\t\t\r\n\t\t\t<li style=\"margin: 20px 300px 0px -300px\">\r\n\t\t\t\r\n\t\t\t\r\n\t\t\tDie Entwicklung von Ersatzteile, Service &#038; Retrofit von allen Lubeca-Verschlie\u00dfmaschinen<\/li>\r\n\t\t<\/ul>\r\n\t\t\r\n\t\t<p style=\"margin: 20px 300px 0px -300px\">\r\n\t\t\r\n\t\t\r\n\t\t\tDar\u00fcber hinaus sind wir Ihr Ansprechpartner f\u00fcr die Wartung, Instandsetzung und dem Vertrieb von Gebrauchtmaschinen aller g\u00e4ngigen Hersteller.\r\n\t\t<\/p>\r\n\t\t<a style=\"padding-left:15%; text-decoration: none;\" class=\"POST_LINK_STYLE\" href=\"\/uber-uns\">&#9658; Uber uns<\/a>\r\n\t\t\r\n\t<\/div>\r\n<\/div>\r\n\r\n<div style=\"height: 60px;\"> <\/div>\r\n\r\n<div style=\"background: url(\/wp-content\/uploads\/2022\/03\/lubeca-screenshot5.png);\r\n\t\tbackground-size: inherit; background-position: 0% 80%;\">\r\n\r\n\t\r\n\t\t<div style=\"width: 64%; height: 100%; margin: 0px 36% 0px 0%; background-color:rgba(0,81,161,0.4);\">\r\n\t\t\r\n\t\t\t<div style=\"height: 40px;\"> <\/div>\r\n\t\t\t\r\n\t\t\t<div style=\"margin: 0px 0% 0px 25%; background-color: rgba(255,255,255,0.75); padding: 2% 5% 2% 5%;\">\r\n\t\t\t\t<h2 class=\"h2_STYLE\" style=\" text-align: left\">\r\n\t\t\t\t\tSERVICE\r\n\t\t\t\t<\/h2>\r\n\t\t\t\t<p>\r\n\t\t\t\t\tLubeca hat sich in der internationalen Kundschaft als Stammlieferant f\u00fcr Dosen und Glasverschlie\u00dfmaschinen etabliert. Wir leisten f\u00fcr Sie den bestm\u00f6glichen Service rund um die Wartung und Instandsetzung Ihrer Lubeca-Maschine, gleich welchen Alters. \r\n\t\t\t\t<\/p>\r\n\t\t\t\t<a style=\"padding-left:15%; text-decoration: none;\" class=\"POST_LINK_STYLE\" href=\"\/service\/\">&#9658; Mehr zum Thema&#8216;.&#8216;<\/a>\r\n\t\t\t<\/div>\r\n\t\t\t\r\n\t\t\t<div style=\"height: 40px;\"> <\/div>\r\n\t\t\t\r\n\t\t<\/div>\r\n\t\r\n\t\r\n\t\r\n<\/div>\r\n\r\n\r\n<div style=\"height: 60px;\"> <\/div>\r\n\t<div class=\"row\">\r\n\t\t<div class=\"col-md-8\" style=\"height: 100%; padding: 0%;\">\r\n\r\n\t\t\t<div style=\"height: 40px;\"> <\/div>\r\n\t\t\t\r\n\t\t\t<div style=\"margin: 0px 0% 0px 25%; padding: 2% 5% 2% 5%;\">\r\n\t\t\t\t<h2 class=\"h2_STYLE\" style=\" text-align: left\">\r\n\t\t\t\t\tMEDIA\r\n\t\t\t\t<\/h2>\r\n\t\t\t\t<p>\r\n\t\t\t\t\tSchauen Sie doch mal in unserem Mediacenter vorbei. Bilder und Videos werden regelm\u00e4\u00dfig aktualisiert. S\u00e4mtliche Prospekte unserer Maschinen im PDF Format sind hier auch zu finden\r\n\t\t\t\t<\/p>\r\n\t\t\t\t<a style=\"padding-left:15%; text-decoration: none;\" class=\"POST_LINK_STYLE\" href=\"\/media\">&#9658; zur Galerie<\/a>\r\n\t\t\t<\/div>\r\n\t\t\t\r\n\t\t\t<div style=\"height: 40px;\"> <\/div>\r\n\t\t\r\n\t\t<\/div>\r\n\t\t<div class=\"col-md-4\" style=\"padding: 0%;\">\r\n\t\t\t<iframe style=\"width: 100%; height: 100%;\" src=\"https:\/\/player.vimeo.com\/video\/117164565\" webkitallowfullscreen=\"\" mozallowfullscreen=\"\" allowfullscreen=\"\" frameborder=\"0\"><\/iframe>\r\n\t\t<\/div>\r\n\t\t\r\n\t<\/div>\r\n\r\n\r\n\r\n<div style=\"height: 60px;\"> <\/div>\r\n\r\n<div style=\"background-color:rgba(0,81,161,0.4);\">\r\n\r\n\t\r\n\t\t<div style=\"width: 64%; height: 100%; margin: 0px 0% 0px 36%; \r\n\t\tbackground: url(\/wp-content\/uploads\/2022\/03\/Foto-NEWS.jpg);\r\n\t\tbackground-size: cover; background-position: 10% 40%;\">\r\n\t\t\r\n\t\t\t<div style=\"height: 40px;\"> <\/div>\r\n\t\t\t\r\n\t\t\t<div style=\"margin: 0px 25% 0px 0%; background-color: rgba(255,255,255,0.75); padding: 2% 5% 2% 5%;\">\r\n\t\t\t\t<h2 class=\"h2_STYLE\" style=\" text-align: left\">\r\n\t\t\t\t\tNEWS\r\n\t\t\t\t<\/h2>\r\n\t\t\t\t<h3 class=\"h3_STYLE\">Overhaul of several Fish Clincher and Seamer LW792-LW303-C<\/h3><p class=\"p_STYLE\">Lubeca has successfully completed an order for the general overhaul of 5 fishlines LW792-LW303. Lubeca hat erfolgreich einen Auftrag zur General\u00fcberh<br\/>[...]<\/p><p class=\"p_STYLE\" style=\"margin-top: 20px;\">April 12, 2022<a style=\"padding-left:15%; text-decoration: none;\" class=\"POST_LINK_STYLE\" href=\"\/news\/\">&#9658; Mehr news<\/a><\/p>\r\n\t\t\t<\/div>\r\n\t\t\t\r\n\t\t<\/div>\r\n\t\r\n\t\r\n\t\r\n<\/div>\r\n\r\n<div style=\"-moz-transform: scale(-1, 1);\r\n\t-webkit-transform: scale(-1, 1);\r\n\t-o-transform: scale(-1, 1);\r\n\t-ms-transform: scale(-1, 1);\r\n\ttransform: scale(-1, 1);\r\n\tposition: absolute;\r\n\tz-index: -1;\r\n\ttop: 510px;\r\n\tleft: 170px;\">\r\n\t\r\n\t<div class=\"BG-CIRCLE\" style=\"margin-left: 9px;\"><\/div>\r\n\t\r\n\t<div style=\"height: 20px;\"> <\/div>\r\n\t\r\n\t<div class=\"BG-CIRCLE\" style=\"margin-left: 9px;\"><\/div>\r\n\t\r\n\t<div style=\"height: 20px;\"> <\/div>\r\n\t\r\n\t<div class=\"BG-CIRCLE\" style=\"margin-left: 9px;\"><\/div>\r\n\t\r\n\t<div style=\"height: 20px;\"> <\/div>\r\n\t\r\n\t<svg display=\"block\" viewBox=\"0 0 64 64\" width=\"720px\" height=\"720px\" style=\"margin-top:-155px; margin-bottom: 30px;\">\r\n\t\t<path xmlns=\"http:\/\/www.w3.org\/2000\/svg\" style=\"fill:rgba(0,81,161,0.2); stroke:none; stroke-width:0.264583; \" \r\n\t\td=\"M 57.746007,23.98848 C 53.692559,26.643676 50.040806,28.427577 45.035898,27.878313 35.958739,26.882211 29.46763,17.296408 31.592057,8.5749133 26.970392,9.4593113 19.970626,11.884553 17.813229,16.476782 c 2.752256,1.615874 5.233941,2.989694 7.256876,5.575048 4.515014,5.770095 4.246424,13.963837 -0.341973,19.578346 -2.030234,2.484219 -4.558059,3.706142 -7.258226,5.272901 2.107281,4.549687 9.293982,7.591953 14.001645,8.238344 0.0066,-2.565921 -0.04893,-5.219315 0.837415,-7.670775 2.626539,-7.263447 9.72375,-10.996885 17.200633,-10.229028 3.116107,0.319745 5.386288,2.080079 8.193957,3.150973 1.251769,-5.396131 2.319769,-11.072932 0.04245,-16.404111 m 0.97851,-12.69751 C 58.440012,9.0810353 57.87795,7.0181533 56.534996,5.1998683 49.376746,-4.4920138 33.952631,2.048863 35.626473,13.877038 37.643037,28.126147 60.553906,25.501759 58.724516,11.29097 M 58.35449,52.035981 C 58.069986,49.825966 57.507924,47.763135 56.16497,45.944877 49.006721,36.252888 33.582605,42.793977 35.256448,54.622048 37.273011,68.871157 60.18388,66.246769 58.35449,52.035981 M 24.012728,30.780372 C 23.590556,27.672532 22.372381,24.718841 19.912857,22.654621 11.971149,15.989063 -0.38199103,22.92873 0.91328047,33.101852 2.7712627,47.694511 25.978955,45.259275 24.012728,30.780372 Z\" id=\"path2983\"><\/path>\r\n\t<\/svg>\r\n\t\r\n\t<div class=\"BG-CIRCLE\" style=\"margin-left: 400px;\"><\/div>\r\n\t\r\n\t<div style=\"height: 20px;\"> <\/div>\r\n\t\r\n\t<div class=\"BG-CIRCLE\" style=\"margin-left: 400px;\"><\/div>\r\n\t\r\n\t<div style=\"height: 20px;\"> <\/div>\r\n\t\r\n\t<div class=\"BG-CIRCLE\" style=\"margin-left: 400px;\"><\/div>\r\n\t\r\n<\/div>","protected":false},"excerpt":{"rendered":"MASCHINEN Die LUBECA Verschlie\u00dfmaschinen GmbH ist Ihr kompetenter Ansprechpartner fu\u0308r die Entwicklung und Herstellung neuer halbautomatischer und vollautomatischer Verschlie\u00dfmaschinen f\u00fcr runde und unrunde Dosen und Gl\u00e4ser \u2013 speziell auf Ihre Bedu\u0308rfnisse abgestimmt. LUBECA hat sich in der internationalen Kundschaft als Stammlieferant fu\u0308r Dosenverschlie\u00dfmaschinen aus rostfreiem Edelstahl etabliert. Mehr Sicherheit f\u00fcr Lebensmittel Wir liefern sichere und&hellip;&nbsp;<a href=\"https:\/\/hantelmann-lubeca.de\/en\/overhaul-of-several-fish-clincher-and-seamer-lw792-lw303-c\" rel=\"bookmark\">Read More &raquo;<span class=\"screen-reader-text\">Overhaul of several Fish Clincher and Seamer LW792-LW303-C<\/span><\/a>","protected":false},"author":1,"featured_media":0,"parent":0,"menu_order":0,"comment_status":"closed","ping_status":"closed","template":"","meta":{"inline_featured_image":false,"neve_meta_sidebar":"","neve_meta_container":"","neve_meta_enable_content_width":"off","neve_meta_content_width":100,"neve_meta_title_alignment":"","neve_meta_author_avatar":"","neve_post_elements_order":"","neve_meta_disable_header":"","neve_meta_disable_footer":"","neve_meta_disable_title":"on","footnotes":""},"class_list":["post-203","page","type-page","status-publish","hentry"],"yoast_head":"<!-- This site is optimized with the Yoast SEO plugin v27.5 - https:\/\/yoast.com\/product\/yoast-seo-wordpress\/ -->\n<title>Home - Hantelmann-Lubeca<\/title>\n<meta name=\"robots\" content=\"index, follow, max-snippet:-1, max-image-preview:large, max-video-preview:-1\" \/>\n<link rel=\"canonical\" href=\"https:\/\/hantelmann-lubeca.de\/en\/\" \/>\n<meta property=\"og:locale\" content=\"en_US\" \/>\n<meta property=\"og:type\" content=\"article\" \/>\n<meta property=\"og:title\" content=\"Home - Hantelmann-Lubeca\" \/>\n<meta property=\"og:description\" content=\"MASCHINEN Die LUBECA Verschlie\u00dfmaschinen GmbH ist Ihr kompetenter Ansprechpartner fu\u0308r die Entwicklung und Herstellung neuer halbautomatischer und vollautomatischer Verschlie\u00dfmaschinen f\u00fcr runde und unrunde Dosen und Gl\u00e4ser \u2013 speziell auf Ihre Bedu\u0308rfnisse abgestimmt. LUBECA hat sich in der internationalen Kundschaft als Stammlieferant fu\u0308r Dosenverschlie\u00dfmaschinen aus rostfreiem Edelstahl etabliert. Mehr Sicherheit f\u00fcr Lebensmittel Wir liefern sichere und&hellip;&nbsp;Read More &raquo;Overhaul of several Fish Clincher and Seamer LW792-LW303-C\" \/>\n<meta property=\"og:url\" content=\"https:\/\/hantelmann-lubeca.de\/en\/\" \/>\n<meta property=\"og:site_name\" content=\"Hantelmann-Lubeca\" \/>\n<meta property=\"article:modified_time\" content=\"2022-03-16T14:26:18+00:00\" \/>\n<meta property=\"og:image\" content=\"https:\/\/hantelmann-lubeca.de\/wp-content\/uploads\/2022\/03\/logo.png\" \/>\n<meta name=\"twitter:card\" content=\"summary_large_image\" \/>\n<meta name=\"twitter:label1\" content=\"Est. reading time\" \/>\n\t<meta name=\"twitter:data1\" content=\"2 minutes\" \/>\n<script type=\"application\/ld+json\" class=\"yoast-schema-graph\">{\"@context\":\"https:\\\/\\\/schema.org\",\"@graph\":[{\"@type\":\"WebPage\",\"@id\":\"https:\\\/\\\/hantelmann-lubeca.de\\\/\",\"url\":\"https:\\\/\\\/hantelmann-lubeca.de\\\/\",\"name\":\"Home - Hantelmann-Lubeca\",\"isPartOf\":{\"@id\":\"https:\\\/\\\/hantelmann-lubeca.de\\\/#website\"},\"datePublished\":\"2022-03-06T11:14:19+00:00\",\"dateModified\":\"2022-03-16T14:26:18+00:00\",\"breadcrumb\":{\"@id\":\"https:\\\/\\\/hantelmann-lubeca.de\\\/#breadcrumb\"},\"inLanguage\":\"en-US\",\"potentialAction\":[{\"@type\":\"ReadAction\",\"target\":[\"https:\\\/\\\/hantelmann-lubeca.de\\\/\"]}]},{\"@type\":\"BreadcrumbList\",\"@id\":\"https:\\\/\\\/hantelmann-lubeca.de\\\/#breadcrumb\",\"itemListElement\":[{\"@type\":\"ListItem\",\"position\":1,\"name\":\"Startseite\",\"item\":\"https:\\\/\\\/hantelmann-lubeca.de\\\/\"},{\"@type\":\"ListItem\",\"position\":2,\"name\":\"Home\"}]},{\"@type\":\"WebSite\",\"@id\":\"https:\\\/\\\/hantelmann-lubeca.de\\\/#website\",\"url\":\"https:\\\/\\\/hantelmann-lubeca.de\\\/\",\"name\":\"Hantelmann-Lubeca\",\"description\":\"Verschlie\u00dfmaschinen made in Germany\",\"potentialAction\":[{\"@type\":\"SearchAction\",\"target\":{\"@type\":\"EntryPoint\",\"urlTemplate\":\"https:\\\/\\\/hantelmann-lubeca.de\\\/?s={search_term_string}\"},\"query-input\":{\"@type\":\"PropertyValueSpecification\",\"valueRequired\":true,\"valueName\":\"search_term_string\"}}],\"inLanguage\":\"en-US\"}]}<\/script>\n<!-- \/ Yoast SEO plugin. -->","yoast_head_json":{"title":"Home - Hantelmann-Lubeca","robots":{"index":"index","follow":"follow","max-snippet":"max-snippet:-1","max-image-preview":"max-image-preview:large","max-video-preview":"max-video-preview:-1"},"canonical":"https:\/\/hantelmann-lubeca.de\/en\/","og_locale":"en_US","og_type":"article","og_title":"Home - Hantelmann-Lubeca","og_description":"MASCHINEN Die LUBECA Verschlie\u00dfmaschinen GmbH ist Ihr kompetenter Ansprechpartner fu\u0308r die Entwicklung und Herstellung neuer halbautomatischer und vollautomatischer Verschlie\u00dfmaschinen f\u00fcr runde und unrunde Dosen und Gl\u00e4ser \u2013 speziell auf Ihre Bedu\u0308rfnisse abgestimmt. LUBECA hat sich in der internationalen Kundschaft als Stammlieferant fu\u0308r Dosenverschlie\u00dfmaschinen aus rostfreiem Edelstahl etabliert. Mehr Sicherheit f\u00fcr Lebensmittel Wir liefern sichere und&hellip;&nbsp;Read More &raquo;Overhaul of several Fish Clincher and Seamer LW792-LW303-C","og_url":"https:\/\/hantelmann-lubeca.de\/en\/","og_site_name":"Hantelmann-Lubeca","article_modified_time":"2022-03-16T14:26:18+00:00","og_image":[{"url":"https:\/\/hantelmann-lubeca.de\/wp-content\/uploads\/2022\/03\/logo.png","type":"","width":"","height":""}],"twitter_card":"summary_large_image","twitter_misc":{"Est. reading time":"2 minutes"},"schema":{"@context":"https:\/\/schema.org","@graph":[{"@type":"WebPage","@id":"https:\/\/hantelmann-lubeca.de\/","url":"https:\/\/hantelmann-lubeca.de\/","name":"Home - Hantelmann-Lubeca","isPartOf":{"@id":"https:\/\/hantelmann-lubeca.de\/#website"},"datePublished":"2022-03-06T11:14:19+00:00","dateModified":"2022-03-16T14:26:18+00:00","breadcrumb":{"@id":"https:\/\/hantelmann-lubeca.de\/#breadcrumb"},"inLanguage":"en-US","potentialAction":[{"@type":"ReadAction","target":["https:\/\/hantelmann-lubeca.de\/"]}]},{"@type":"BreadcrumbList","@id":"https:\/\/hantelmann-lubeca.de\/#breadcrumb","itemListElement":[{"@type":"ListItem","position":1,"name":"Startseite","item":"https:\/\/hantelmann-lubeca.de\/"},{"@type":"ListItem","position":2,"name":"Home"}]},{"@type":"WebSite","@id":"https:\/\/hantelmann-lubeca.de\/#website","url":"https:\/\/hantelmann-lubeca.de\/","name":"Hantelmann-Lubeca","description":"Verschlie\u00dfmaschinen made in Germany","potentialAction":[{"@type":"SearchAction","target":{"@type":"EntryPoint","urlTemplate":"https:\/\/hantelmann-lubeca.de\/?s={search_term_string}"},"query-input":{"@type":"PropertyValueSpecification","valueRequired":true,"valueName":"search_term_string"}}],"inLanguage":"en-US"}]}},"_links":{"self":[{"href":"https:\/\/hantelmann-lubeca.de\/en\/wp-json\/wp\/v2\/pages\/203","targetHints":{"allow":["GET"]}}],"collection":[{"href":"https:\/\/hantelmann-lubeca.de\/en\/wp-json\/wp\/v2\/pages"}],"about":[{"href":"https:\/\/hantelmann-lubeca.de\/en\/wp-json\/wp\/v2\/types\/page"}],"author":[{"embeddable":true,"href":"https:\/\/hantelmann-lubeca.de\/en\/wp-json\/wp\/v2\/users\/1"}],"replies":[{"embeddable":true,"href":"https:\/\/hantelmann-lubeca.de\/en\/wp-json\/wp\/v2\/comments?post=203"}],"version-history":[{"count":6,"href":"https:\/\/hantelmann-lubeca.de\/en\/wp-json\/wp\/v2\/pages\/203\/revisions"}],"predecessor-version":[{"id":402,"href":"https:\/\/hantelmann-lubeca.de\/en\/wp-json\/wp\/v2\/pages\/203\/revisions\/402"}],"wp:attachment":[{"href":"https:\/\/hantelmann-lubeca.de\/en\/wp-json\/wp\/v2\/media?parent=203"}],"curies":[{"name":"wp","href":"https:\/\/api.w.org\/{rel}","templated":true}]}}