{"id":205,"date":"2022-03-06T11:16:44","date_gmt":"2022-03-06T11:16:44","guid":{"rendered":"https:\/\/hantelmann-lubeca.de\/?page_id=205"},"modified":"2024-03-08T10:56:28","modified_gmt":"2024-03-08T10:56:28","slug":"kontakt","status":"publish","type":"page","link":"https:\/\/hantelmann-lubeca.de\/en\/kontakt","title":{"rendered":"Kontakt"},"content":{"rendered":"<div id=\"home\" class=\"\" \r\n\tstyle=\"width: 100%; height: 600px; \tbackground: url(\/wp-content\/uploads\/2022\/03\/Screenshot-2021-10-14-at-17-48-31-RZ_Lubeca_Folder_Portfolio_2018_DinA4_4Seiter_WEB-4-pdf-1024x385-1.png);\tbackground-size: cover; background-position: 10% 40%;\">\r\n\t\r\n<\/div>\r\n\r\n\t<div style=\"width:60%; margin: -160px 40% 0px 0px; height: 80px; background-color: rgba(255,255,255,0.7); display: flex; justify-content: center; align-items: center;\">\r\n\t\t<p class=\"h3_STYLE\" style=\"color: rgba(0,81,161,1); font-weight: 400;\">\r\n\t\t\tINNOVATION &amp; KOMPETENZ SEIT 1901\r\n\t\t<\/p>\r\n\t<\/div>\r\n\t<div style=\"width:60%; margin: 0px 0% 0px 40%; height: 80px; background-color: rgba(0,81,161,0.4); display: flex; justify-content: center; align-items: center;\">\r\n\t\t<p class=\"h3_STYLE\" style=\"color: #fff; font-weight: 400;\">\r\n\t\t\tVerschlie\u00dfmaschinen \u201emade in Germany\u201c\r\n\t\t<\/p>\r\n\t<\/div>\r\n\r\n\r\n\r\n<div style=\"height: 40px;\"> <\/div>\r\n\r\n<div style=\"padding: 0% 5%;\">\r\n\r\n\t<div class=\"row\">\r\n\t\t<div class=\"col-md-6\">\r\n\t\t\t<iframe frameborder=\"0\" style=\"border: 0; width: 100%; height: 500px;\"\r\n\t\t\t\t\tsrc=\"https:\/\/www.google.com\/maps\/embed\/v1\/place?key=AIzaSyA9JUNayBRnoVxwqwqmx60pe74NW12W8VE&#038;q=LUBECA-Verschlie\u00dfmaschinen+GmbH, Braunschweig+Germany&#038;zoom=15&#038;maptype=satellite\" allowfullscreen>\r\n\t\t\t<\/iframe>\r\n\t\t<\/div>\r\n\t\t<div class=\"col-md-6\" style=\"margin-top: 5%;\">\r\n\t\t\t<h2 class=\"h2_STYLE\">Lubeca Verschlie\u00dfmaschinen GmbH<\/h2>\r\n\t\t\t<p>\r\n\t\t\t\tPillmannstra\u00dfe 18 \u00b7 38112 Braunschweig<br\/>\r\n\t\t\t\tTelefon + 49 (0) 531 23 44 86 -20<br\/>\r\n\t\t\t\tFax + 49 (0) 531 23 44 86 -21<br\/>\r\n\t\t\t\t<a href=\"mailto:info@hantelmann-lubeca.de\">info@hantelmann-lubeca.de<\/a>\r\n\t\t\t<\/p>\r\n\t\t<\/div>\r\n\t<\/div>\r\n<\/div>\r\n\r\n<div style=\"height: 40px;\"> <\/div>\r\n\r\n<div style=\"-moz-transform: scale(-1, 1);\t-webkit-transform: scale(-1, 1);\t-o-transform: scale(-1, 1);\t-ms-transform: scale(-1, 1);\ttransform: scale(-1, 1);\tposition: absolute;\tz-index: -1;\tbottom: -190px;\tright: 0px;\">\r\n\t\r\n\t<svg display=\"block\" viewbox=\"0 0 64 64\" width=\"720px\" height=\"720px\" style=\"margin-top:-155px; margin-bottom: 30px;\">\r\n\t\t<path xmlns=\"http:\/\/www.w3.org\/2000\/svg\" style=\"fill:rgba(0,81,161,0.2); stroke:none; stroke-width:0.264583; \" \r\n\t\td=\"M 57.746007,23.98848 C 53.692559,26.643676 50.040806,28.427577 45.035898,27.878313 35.958739,26.882211 29.46763,17.296408 31.592057,8.5749133 26.970392,9.4593113 19.970626,11.884553 17.813229,16.476782 c 2.752256,1.615874 5.233941,2.989694 7.256876,5.575048 4.515014,5.770095 4.246424,13.963837 -0.341973,19.578346 -2.030234,2.484219 -4.558059,3.706142 -7.258226,5.272901 2.107281,4.549687 9.293982,7.591953 14.001645,8.238344 0.0066,-2.565921 -0.04893,-5.219315 0.837415,-7.670775 2.626539,-7.263447 9.72375,-10.996885 17.200633,-10.229028 3.116107,0.319745 5.386288,2.080079 8.193957,3.150973 1.251769,-5.396131 2.319769,-11.072932 0.04245,-16.404111 m 0.97851,-12.69751 C 58.440012,9.0810353 57.87795,7.0181533 56.534996,5.1998683 49.376746,-4.4920138 33.952631,2.048863 35.626473,13.877038 37.643037,28.126147 60.553906,25.501759 58.724516,11.29097 M 58.35449,52.035981 C 58.069986,49.825966 57.507924,47.763135 56.16497,45.944877 49.006721,36.252888 33.582605,42.793977 35.256448,54.622048 37.273011,68.871157 60.18388,66.246769 58.35449,52.035981 M 24.012728,30.780372 C 23.590556,27.672532 22.372381,24.718841 19.912857,22.654621 11.971149,15.989063 -0.38199103,22.92873 0.91328047,33.101852 2.7712627,47.694511 25.978955,45.259275 24.012728,30.780372 Z\" id=\"path2983\"><\/path>\r\n\t<\/svg>\r\n\r\n<\/div>\r\n\r\n<div style=\"padding: 80px 5%;\">\r\n\t<h1>Impressum<\/h1>\r\n\r\n\t<p><strong>LUBECA Verschlie\u00dfmaschinen GmbH<\/strong>\r\n\t<br\/>Pillmannstra\u00dfe 18 \u00b7 38112 Braunschweig\r\n\t<br\/>Phone+ 49 (0) 531 23 44 86 -0\r\n\t<br\/>Fax + 49 (0) 531 23 44 86 -21\r\n\t<br\/>info@hantelmann-lubeca.de\r\n\t<br\/>www.hantelmann-lubeca.de\r\n\t<\/p>\r\n\r\n\t<p>Inhaltlich Verantwortlicher: Herr Ulrich Hantelmann\r\n\t<br\/>Gesch\u00e4ftsf\u00fchrer: Ulrich Hantelmann\r\n\t<br\/>USt-Id-Nr. DE 812 599 644\r\n\t<br\/>Steuer-Nr. 13 \/ 201 \/ 39822\r\n\t<br\/>Sitz in Braunschweig\r\n\t<br\/>Amtsgericht HRA 4751\r\n\t<\/p>\r\n\r\n\t<p>Allg. Gesch\u00e4ftsbedingungen LUBECA 2024<\/p>\r\n\t<a style=\"\" href=\"\/wp-content\/uploads\/2024\/03\/Allg.-Geschaeftsbedingungen-LUBECA-2024.pdf\">\r\n\t\t<img decoding=\"async\" src=\"https:\/\/cdn.vectorstock.com\/i\/preview-1x\/38\/37\/pdf-icon-set-vector-9413837.jpg\" style=\"height: 60px;\"\/>\r\n\t<\/a>\r\n\r\n\t<p style=\"padding-top: 40px;\"><strong>Hantelmann Verschlie\u00dftechnik GmbH &#038; Co. KG<\/strong>\r\n\t<br\/>Pillmannstra\u00dfe 18 \u00b7 38112 Braunschweig\r\n\t<br\/>Phone+ 49 (0) 531 23 44 86 -0\r\n\t<br\/>Fax + 49 (0) 531 23 44 86 -21\r\n\t<br\/>info@hantelmann-lubeca.de\r\n\t<br\/>www.hantelmann-lubeca.de\r\n\t<\/p>\r\n\r\n\t<p>Inhaltlich Verantwortlicher: Herr Ulrich Hantelmann\r\n\t<br\/>Gesch\u00e4ftsf\u00fchrer: Ulrich Hantelmann\r\n\t<br\/>PhG: RHV-Hantelmann Verwaltungs GmbH\r\n\t<br\/>USt-Id-Nr. DE 114822612\r\n\t<br\/>Steuer-Nr. 13 \/ 201 \/ 39806\r\n\t<br\/>Sitz in Braunschweig\r\n\t<br\/>Amtsgericht HRA 9877\r\n\t<\/p>\r\n\r\n\t<p>Allg. Gesch\u00e4ftsbedingungen Hantelmann 2024<\/p>\r\n\t<a style=\"\" href=\"\/wp-content\/uploads\/2024\/03\/Allg.-Geschaeftsbedingungen-Hantelmann-2024-.pdf\">\r\n\t\t<img decoding=\"async\" src=\"https:\/\/cdn.vectorstock.com\/i\/preview-1x\/38\/37\/pdf-icon-set-vector-9413837.jpg\" style=\"height: 60px;\"\/>\r\n\t<\/a>\r\n\r\n\t<p style=\"padding-top: 40px;\"><strong>Haftung f\u00fcr Inhalte<\/strong>\r\n\t<br\/>Die Inhalte unserer Seiten wurden mit gr\u00f6\u00dfter Sorgfalt erstellt. F\u00fcr die Richtigkeit, Vollst\u00e4ndigkeit und Aktualit\u00e4t der Inhalte k\u00f6nnen wir jedoch keine Gew\u00e4hr \u00fcbernehmen. Als Diensteanbieter sind wir gem\u00e4\u00df \u00a7 7 Abs.1 TMG f\u00fcr eigene Inhalte auf diesen Seiten nach den allgemeinen Gesetzen verantwortlich. Nach \u00a7\u00a7 8 bis 10 TMG sind wir als Diensteanbieter jedoch nicht verpflichtet, \u00fcbermittelte oder gespeicherte fremde Informationen zu \u00fcberwachen oder nach Umst\u00e4nden zu forschen, die auf eine rechtswidrige T\u00e4tigkeit hinweisen. Verpflichtungen zur Entfernung oder Sperrung der Nutzung von Informationen nach den allgemeinen Gesetzen bleiben hiervon unber\u00fchrt. Eine diesbez\u00fcgliche Haftung ist jedoch erst ab dem Zeitpunkt der Kenntnis einer konkreten Rechtsverletzung m\u00f6glich. Bei Bekanntwerden von entsprechenden Rechtsverletzungen werden wir diese Inhalte umgehend entfernen.\r\n\t<\/p>\r\n\t<p><strong>Haftung f\u00fcr Links<\/strong>\r\n\t<br\/>Unser Angebot enth\u00e4lt Links zu externen Webseiten Dritter, auf deren Inhalte wir keinen Einfluss haben. Deshalb k\u00f6nnen wir f\u00fcr diese fremden Inhalte auch keine Gew\u00e4hr \u00fcbernehmen. F\u00fcr die Inhalte der verlinkten Seiten ist stets der jeweilige Anbieter oder Betreiber der Seiten verantwortlich. Die verlinkten Seiten wurden zum Zeitpunkt der Verlinkung auf m\u00f6gliche Rechtsverst\u00f6\u00dfe \u00fcberpr\u00fcft. Rechtswidrige Inhalte waren zum Zeitpunkt der Verlinkung nicht erkennbar. Eine permanente inhaltliche Kontrolle der verlinkten Seiten ist jedoch ohne konkrete Anhaltspunkte einer Rechtsverletzung nicht zumutbar. Bei Bekanntwerden von Rechtsverletzungen werden wir derartige Links umgehend entfernen.\r\n\t<\/p>\r\n\t<p><strong>Urheberrecht<\/strong>\r\n\t<br\/>Die durch die Seitenbetreiber erstellten Inhalte und Werke auf diesen Seiten unterliegen dem deutschen Urheberrecht. Die Vervielf\u00e4ltigung, Bearbeitung, Verbreitung und jede Art der Verwertung au\u00dferhalb der Grenzen des Urheberrechtes bed\u00fcrfen der schriftlichen Zustimmung des jeweiligen Autors bzw. Erstellers. Downloads und Kopien dieser Seite sind nur f\u00fcr den privaten, nicht kommerziellen Gebrauch gestattet. Soweit die Inhalte auf dieser Seite nicht vom Betreiber erstellt wurden, werden die Urheberrechte Dritter beachtet. Insbesondere werden Inhalte Dritter als solche gekennzeichnet. Sollten Sie trotzdem auf eine Urheberrechtsverletzung aufmerksam werden, bitten wir um einen entsprechenden Hinweis. Bei Bekanntwerden von Rechtsverletzungen werden wir derartige Inhalte umgehend entfernen.\r\n\t<\/p>\r\n\t<p><strong>Datenschutz<\/strong>\r\n\t<br\/>Die Nutzung unserer Webseite ist in der Regel ohne Angabe personenbezogener Daten m\u00f6glich. Soweit auf unseren Seiten personenbezogene Daten (beispielsweise Name, Anschrift oder eMail-Adressen) erhoben werden, erfolgt dies, soweit m\u00f6glich, stets auf freiwilliger Basis. Diese Daten werden ohne Ihre ausdr\u00fcckliche Zustimmung nicht an Dritte weitergegeben. Wir weisen darauf hin, dass die Daten\u00fcbertragung im Internet (z.B. bei der Kommunikation per E-Mail) Sicherheitsl\u00fccken aufweisen kann. Ein l\u00fcckenloser Schutz der Daten vor dem Zugriff durch Dritte ist nicht m\u00f6glich. Der Nutzung von im Rahmen der Impressumspflicht ver\u00f6ffentlichten Kontaktdaten durch Dritte zur \u00dcbersendung von nicht ausdr\u00fccklich angeforderter Werbung und Informationsmaterialien wird hiermit ausdr\u00fccklich widersprochen. Die Betreiber der Seiten behalten sich ausdr\u00fccklich rechtliche Schritte im Falle der unverlangten Zusendung von Werbeinformationen, etwa durch Spam-Mails, vor. Quellenangaben: Disclaimer von eRecht24, dem Portal zum Internetrecht von Rechtsanwalt S\u00f6ren Siebert\r\n\t<\/p>\r\n<\/div>","protected":false},"excerpt":{"rendered":"Lubeca Verschlie\u00dfmaschinen GmbH Pillmannstra\u00dfe 18 \u00b7 38112 Braunschweig Telefon + 49 (0) 531 23 44 86 -20 Fax + 49 (0) 531 23 44 86 -21 info@hantelmann-lubeca.de Impressum LUBECA Verschlie\u00dfmaschinen GmbH Pillmannstra\u00dfe 18 \u00b7 38112 Braunschweig Telefon + 49 (0) 531 23 44 86 -0 Fax + 49 (0) 531 23 44 86 -21 info@hantelmann-lubeca.de&hellip;&nbsp;<a href=\"https:\/\/hantelmann-lubeca.de\/en\/kontakt\" rel=\"bookmark\">Read More &raquo;<span class=\"screen-reader-text\">Kontakt<\/span><\/a>","protected":false},"author":1,"featured_media":0,"parent":0,"menu_order":0,"comment_status":"closed","ping_status":"closed","template":"","meta":{"inline_featured_image":false,"neve_meta_sidebar":"","neve_meta_container":"","neve_meta_enable_content_width":"off","neve_meta_content_width":100,"neve_meta_title_alignment":"","neve_meta_author_avatar":"","neve_post_elements_order":"","neve_meta_disable_header":"","neve_meta_disable_footer":"","neve_meta_disable_title":"on","footnotes":""},"class_list":["post-205","page","type-page","status-publish","hentry"],"yoast_head":"<!-- This site is optimized with the Yoast SEO plugin v27.3 - https:\/\/yoast.com\/product\/yoast-seo-wordpress\/ -->\n<title>Kontakt - Hantelmann-Lubeca<\/title>\n<meta name=\"robots\" content=\"index, follow, max-snippet:-1, max-image-preview:large, max-video-preview:-1\" \/>\n<link rel=\"canonical\" href=\"https:\/\/hantelmann-lubeca.de\/en\/kontakt\/\" \/>\n<meta property=\"og:locale\" content=\"en_US\" \/>\n<meta property=\"og:type\" content=\"article\" \/>\n<meta property=\"og:title\" content=\"Kontakt - Hantelmann-Lubeca\" \/>\n<meta property=\"og:description\" content=\"Lubeca Verschlie\u00dfmaschinen GmbH Pillmannstra\u00dfe 18 \u00b7 38112 Braunschweig Telefon + 49 (0) 531 23 44 86 -20 Fax + 49 (0) 531 23 44 86 -21 info@hantelmann-lubeca.de Impressum LUBECA Verschlie\u00dfmaschinen GmbH Pillmannstra\u00dfe 18 \u00b7 38112 Braunschweig Telefon + 49 (0) 531 23 44 86 -0 Fax + 49 (0) 531 23 44 86 -21 info@hantelmann-lubeca.de&hellip;&nbsp;Read More &raquo;Kontakt\" \/>\n<meta property=\"og:url\" content=\"https:\/\/hantelmann-lubeca.de\/en\/kontakt\/\" \/>\n<meta property=\"og:site_name\" content=\"Hantelmann-Lubeca\" \/>\n<meta property=\"article:modified_time\" content=\"2024-03-08T10:56:28+00:00\" \/>\n<meta property=\"og:image\" content=\"https:\/\/cdn.vectorstock.com\/i\/preview-1x\/38\/37\/pdf-icon-set-vector-9413837.jpg\" \/>\n<meta name=\"twitter:card\" content=\"summary_large_image\" \/>\n<meta name=\"twitter:label1\" content=\"Est. reading time\" \/>\n\t<meta name=\"twitter:data1\" content=\"4 minutes\" \/>\n<script type=\"application\/ld+json\" class=\"yoast-schema-graph\">{\"@context\":\"https:\\\/\\\/schema.org\",\"@graph\":[{\"@type\":\"WebPage\",\"@id\":\"https:\\\/\\\/hantelmann-lubeca.de\\\/kontakt\",\"url\":\"https:\\\/\\\/hantelmann-lubeca.de\\\/kontakt\",\"name\":\"Kontakt - Hantelmann-Lubeca\",\"isPartOf\":{\"@id\":\"https:\\\/\\\/hantelmann-lubeca.de\\\/#website\"},\"primaryImageOfPage\":{\"@id\":\"https:\\\/\\\/hantelmann-lubeca.de\\\/kontakt#primaryimage\"},\"image\":{\"@id\":\"https:\\\/\\\/hantelmann-lubeca.de\\\/kontakt#primaryimage\"},\"thumbnailUrl\":\"https:\\\/\\\/cdn.vectorstock.com\\\/i\\\/preview-1x\\\/38\\\/37\\\/pdf-icon-set-vector-9413837.jpg\",\"datePublished\":\"2022-03-06T11:16:44+00:00\",\"dateModified\":\"2024-03-08T10:56:28+00:00\",\"breadcrumb\":{\"@id\":\"https:\\\/\\\/hantelmann-lubeca.de\\\/kontakt#breadcrumb\"},\"inLanguage\":\"en-US\",\"potentialAction\":[{\"@type\":\"ReadAction\",\"target\":[\"https:\\\/\\\/hantelmann-lubeca.de\\\/kontakt\"]}]},{\"@type\":\"ImageObject\",\"inLanguage\":\"en-US\",\"@id\":\"https:\\\/\\\/hantelmann-lubeca.de\\\/kontakt#primaryimage\",\"url\":\"https:\\\/\\\/cdn.vectorstock.com\\\/i\\\/preview-1x\\\/38\\\/37\\\/pdf-icon-set-vector-9413837.jpg\",\"contentUrl\":\"https:\\\/\\\/cdn.vectorstock.com\\\/i\\\/preview-1x\\\/38\\\/37\\\/pdf-icon-set-vector-9413837.jpg\"},{\"@type\":\"BreadcrumbList\",\"@id\":\"https:\\\/\\\/hantelmann-lubeca.de\\\/kontakt#breadcrumb\",\"itemListElement\":[{\"@type\":\"ListItem\",\"position\":1,\"name\":\"Startseite\",\"item\":\"https:\\\/\\\/hantelmann-lubeca.de\\\/\"},{\"@type\":\"ListItem\",\"position\":2,\"name\":\"Kontakt\"}]},{\"@type\":\"WebSite\",\"@id\":\"https:\\\/\\\/hantelmann-lubeca.de\\\/#website\",\"url\":\"https:\\\/\\\/hantelmann-lubeca.de\\\/\",\"name\":\"Hantelmann-Lubeca\",\"description\":\"Verschlie\u00dfmaschinen made in Germany\",\"potentialAction\":[{\"@type\":\"SearchAction\",\"target\":{\"@type\":\"EntryPoint\",\"urlTemplate\":\"https:\\\/\\\/hantelmann-lubeca.de\\\/?s={search_term_string}\"},\"query-input\":{\"@type\":\"PropertyValueSpecification\",\"valueRequired\":true,\"valueName\":\"search_term_string\"}}],\"inLanguage\":\"en-US\"}]}<\/script>\n<!-- \/ Yoast SEO plugin. -->","yoast_head_json":{"title":"Kontakt - Hantelmann-Lubeca","robots":{"index":"index","follow":"follow","max-snippet":"max-snippet:-1","max-image-preview":"max-image-preview:large","max-video-preview":"max-video-preview:-1"},"canonical":"https:\/\/hantelmann-lubeca.de\/en\/kontakt\/","og_locale":"en_US","og_type":"article","og_title":"Kontakt - Hantelmann-Lubeca","og_description":"Lubeca Verschlie\u00dfmaschinen GmbH Pillmannstra\u00dfe 18 \u00b7 38112 Braunschweig Telefon + 49 (0) 531 23 44 86 -20 Fax + 49 (0) 531 23 44 86 -21 info@hantelmann-lubeca.de Impressum LUBECA Verschlie\u00dfmaschinen GmbH Pillmannstra\u00dfe 18 \u00b7 38112 Braunschweig Telefon + 49 (0) 531 23 44 86 -0 Fax + 49 (0) 531 23 44 86 -21 info@hantelmann-lubeca.de&hellip;&nbsp;Read More &raquo;Kontakt","og_url":"https:\/\/hantelmann-lubeca.de\/en\/kontakt\/","og_site_name":"Hantelmann-Lubeca","article_modified_time":"2024-03-08T10:56:28+00:00","og_image":[{"url":"https:\/\/cdn.vectorstock.com\/i\/preview-1x\/38\/37\/pdf-icon-set-vector-9413837.jpg","type":"","width":"","height":""}],"twitter_card":"summary_large_image","twitter_misc":{"Est. reading time":"4 minutes"},"schema":{"@context":"https:\/\/schema.org","@graph":[{"@type":"WebPage","@id":"https:\/\/hantelmann-lubeca.de\/kontakt","url":"https:\/\/hantelmann-lubeca.de\/kontakt","name":"Kontakt - Hantelmann-Lubeca","isPartOf":{"@id":"https:\/\/hantelmann-lubeca.de\/#website"},"primaryImageOfPage":{"@id":"https:\/\/hantelmann-lubeca.de\/kontakt#primaryimage"},"image":{"@id":"https:\/\/hantelmann-lubeca.de\/kontakt#primaryimage"},"thumbnailUrl":"https:\/\/cdn.vectorstock.com\/i\/preview-1x\/38\/37\/pdf-icon-set-vector-9413837.jpg","datePublished":"2022-03-06T11:16:44+00:00","dateModified":"2024-03-08T10:56:28+00:00","breadcrumb":{"@id":"https:\/\/hantelmann-lubeca.de\/kontakt#breadcrumb"},"inLanguage":"en-US","potentialAction":[{"@type":"ReadAction","target":["https:\/\/hantelmann-lubeca.de\/kontakt"]}]},{"@type":"ImageObject","inLanguage":"en-US","@id":"https:\/\/hantelmann-lubeca.de\/kontakt#primaryimage","url":"https:\/\/cdn.vectorstock.com\/i\/preview-1x\/38\/37\/pdf-icon-set-vector-9413837.jpg","contentUrl":"https:\/\/cdn.vectorstock.com\/i\/preview-1x\/38\/37\/pdf-icon-set-vector-9413837.jpg"},{"@type":"BreadcrumbList","@id":"https:\/\/hantelmann-lubeca.de\/kontakt#breadcrumb","itemListElement":[{"@type":"ListItem","position":1,"name":"Startseite","item":"https:\/\/hantelmann-lubeca.de\/"},{"@type":"ListItem","position":2,"name":"Kontakt"}]},{"@type":"WebSite","@id":"https:\/\/hantelmann-lubeca.de\/#website","url":"https:\/\/hantelmann-lubeca.de\/","name":"Hantelmann-Lubeca","description":"Verschlie\u00dfmaschinen made in Germany","potentialAction":[{"@type":"SearchAction","target":{"@type":"EntryPoint","urlTemplate":"https:\/\/hantelmann-lubeca.de\/?s={search_term_string}"},"query-input":{"@type":"PropertyValueSpecification","valueRequired":true,"valueName":"search_term_string"}}],"inLanguage":"en-US"}]}},"_links":{"self":[{"href":"https:\/\/hantelmann-lubeca.de\/en\/wp-json\/wp\/v2\/pages\/205","targetHints":{"allow":["GET"]}}],"collection":[{"href":"https:\/\/hantelmann-lubeca.de\/en\/wp-json\/wp\/v2\/pages"}],"about":[{"href":"https:\/\/hantelmann-lubeca.de\/en\/wp-json\/wp\/v2\/types\/page"}],"author":[{"embeddable":true,"href":"https:\/\/hantelmann-lubeca.de\/en\/wp-json\/wp\/v2\/users\/1"}],"replies":[{"embeddable":true,"href":"https:\/\/hantelmann-lubeca.de\/en\/wp-json\/wp\/v2\/comments?post=205"}],"version-history":[{"count":7,"href":"https:\/\/hantelmann-lubeca.de\/en\/wp-json\/wp\/v2\/pages\/205\/revisions"}],"predecessor-version":[{"id":418,"href":"https:\/\/hantelmann-lubeca.de\/en\/wp-json\/wp\/v2\/pages\/205\/revisions\/418"}],"wp:attachment":[{"href":"https:\/\/hantelmann-lubeca.de\/en\/wp-json\/wp\/v2\/media?parent=205"}],"curies":[{"name":"wp","href":"https:\/\/api.w.org\/{rel}","templated":true}]}}