{"id":210,"date":"2022-03-06T11:20:10","date_gmt":"2022-03-06T11:20:10","guid":{"rendered":"https:\/\/hantelmann-lubeca.de\/?page_id=210"},"modified":"2022-03-06T15:15:44","modified_gmt":"2022-03-06T15:15:44","slug":"uber-uns","status":"publish","type":"page","link":"https:\/\/hantelmann-lubeca.de\/en\/uber-uns","title":{"rendered":"About us"},"content":{"rendered":"<div id=\"home\" class=\"\" \r\n\tstyle=\"width: 100%; height: 600px; \t\tbackground: url(\/wp-content\/uploads\/2022\/03\/F-Hantelmann_00143-scaled.jpg);\t\tbackground-size: auto;\t\tbackground-position: 50% 50%;\t\tbackground-repeat: no-repeat;\">\r\n\t<\/div>\r\n\t\r\n<\/div>\r\n<div style=\"width:50%; margin: -120px 0% 0px 0%; height: 120px; background-color: rgba(0,81,161,0.9); position: relative;\">\r\n\t<p class=\"h3_STYLE\" style=\"color: #fff; font-weight: 400; padding: 36px 0px 0px 10%;\">\r\n\t\tAbout us\r\n\t<\/p>\r\n<\/div>\r\n<img decoding=\"async\" alt=\"Lubeca Hantelmann Dosenverschlie\u00dfer\" src=\"\/wp-content\/uploads\/2022\/03\/timeline.png\"\/>\r\n\r\n\r\n\r\n\r\n\r\n<div style=\"padding: 0% 5%;\">\r\n\r\n\t<div style=\"height: 60px;\"> <\/div>\r\n\r\n\t<h2 class=\"h2_STYLE\">Team<\/h2>\r\n\t<p>A company is only as good as its employees and their passion for creating something.\r\n\t<br\/>~ E. Musk<\/p>\r\n\t<img alt=\"Lubeca Hantelmann Team\" style=\"object-fit: cover;height: 360px; display: flex; width: 100%;object-position: 50% 50%;\" \r\n\t\t\t\t\t\tsrc=\"\/wp-content\/uploads\/2022\/03\/Foto-TEAM-20191002_1729330.jpg\"\/>\r\n\r\n\t<div style=\"height: 60px;\"> <\/div>\r\n\t\r\n\t<div style=\"padding: 0% 5%;\">\r\n\t\t<h2 class=\"h2_STYLE\">Partners<\/h2>\r\n\t\t<p>Lubeca machines are in use worldwide. For optimal integration into different production lines<\/p>\r\n\t<\/div>\r\n\t\r\n\t<div class=\"row\">\r\n\t\t<div class=\"col-md-2\"><\/div>\r\n\t\t<div class=\"col-md-3\">\r\n\t\t\t<a href=\"https:\/\/www.niko.de\/\">\t\r\n\t\t\t\t<img alt=\"Niko Nahrungsmittel-Maschinen GmbH &#038; Co. KG\" style=\"height: 120px; width: 100%;object-position: 50% 50%;\" \r\n\t\t\t\t\t\tsrc=\"\/wp-content\/uploads\/2022\/03\/Niko_Logo.png\"\/>\r\n\t\t\t\t<h3 class=\"h3_STYLE cntr\">Niko Nahrungsmittel-Maschinen GmbH &#038; Co. KG<\/h3>\r\n\t\t\t<\/a>\r\n\t\t<\/div>\r\n\t\t<div class=\"col-md-2\"><\/div>\r\n\t\t<div class=\"col-md-3\">\r\n\t\t\t<a href=\"https:\/\/www.ewotech.de\/\">\r\n\t\t\t\t<img alt=\"Ewotech Verpackungs + F\u00fclltechnik GmbH\" style=\"height: 120px; width: 100%;object-position: 50% 50%;\" \r\n\t\t\t\t\t\tsrc=\"\/wp-content\/uploads\/2022\/03\/Ewotech_Logo.png\"\/>\r\n\t\t\t\t<h3 class=\"h3_STYLE cntr\">Ewotech Verpackungs + F\u00fclltechnik GmbH<\/h3>\r\n\t\t\t<\/a>\r\n\t\t<\/div>\r\n\t\t<div class=\"col-md-2\"><\/div>\r\n\t\t<div class=\"col-md-2\"><\/div>\r\n\t\t<div class=\"col-md-3\">\r\n\t\t\t<a href=\"https:\/\/leibinger.eu\/\">\r\n\t\t\t\t<img alt=\"Leibinger F\u00fcllmaschinen GmbH\" style=\"width: 100%;object-position: 50% 50%;\" \r\n\t\t\t\t\t\t\tsrc=\"\/wp-content\/uploads\/2022\/03\/Leibinger_Logo.png\"\/>\r\n\t\t\t\t<h3 class=\"h3_STYLE cntr\">Leibinger F\u00fcllmaschinen GmbH<\/h3>\r\n\t\t\t<\/a>\r\n\t\t<\/div>\r\n\t\t<div class=\"col-md-2\"><\/div>\r\n\t\t<div class=\"col-md-3\">\r\n\t\t\t<a href=\"https:\/\/brauereimaschinen-markl.de\/\">\r\n\t\t\t\t<img alt=\"Markl Brauereimaschinen\" style=\"width: 100%;object-position: 50% 50%;\" \r\n\t\t\t\t\t\tsrc=\"\/wp-content\/uploads\/2022\/03\/Markl_Logo.png\"\/>\r\n\t\t\t\t<h3 class=\"h3_STYLE cntr\">Markl Brauereimaschinen<\/h3>\r\n\t\t\t<\/a>\r\n\t\t<\/div>\r\n\t\t<div class=\"col-md-2\"><\/div>\r\n\t<\/div>\r\n\r\n\t\r\n\t<div style=\"height: 40px;\"> <\/div>\r\n\r\n\t<h2 class=\"h2_STYLE\">Clients<\/h2>\r\n\t<h3 class=\"h3_STYLE\">Metal Packaging Producer Service Companies<\/h3>\r\n\t<p>Trivium Packaging Group \u2022 A.R. Verpackungstechnik \u2022 Ball Packaging Group \u2022 DR-TEC \u2022  IGM Emballagentechnik \u2022 Kaminski Verpackungen \u2022 Kleemann \u2022 Dosen Sambel \u2022 Sonoco \u2022 Metallpak, \r\n\tFinland \u2022 Hoffmann Neopac, Switzerland \u2022 Stiller Verschlie\u00dftechnik \u2022 CrownMetal Packaging \u2022 Elsa-Silgan Packaging \u2022 Silgan Packaging Europe<\/p>\r\n\t<h3 class=\"h3_STYLE\">Food Industry<\/h3>\r\n\t<p>Masterfoods (petfood) \u2022 Vitakraft \u2022 Buss (soup) \u2022 Spreewaldhof \u2022 Spreewaldkonserve \u2022 Bahlsen (peanuts) \u2022 Hochwald (milk) \u2022 Erasco (soup) \u2022 Nestl\u00e9Maggi (food) \u2022 \r\n\tNestl\u00e9 \u2022 Nutricia (diaryproducts) \u2022 Felix (peanuts) \u2022 Humana-MIG (diary products) \u2022 Milupa-Danone (diary products) \u2022 Kraft foods europe \u2022 Mueller\u2019s (meat) \u2022 Zwanenberg (meat) \u2022 Krueger (Instant) \u2022 \r\n\tSaturn (Petfood) \u2022 Hawesta (fish) \u2022 RuegenFish \u2022 Appel (fish) \u2022 Losos (fish) \u2022 BigFish\u2022 Struik Foods (soups) \u2022 Boeklunder (sausages) \u2022 MEICA (sausages) \u2022 Metten (sausages) \u2022 Fischer Konserven (vegetables) \u2022 \r\n\tMamminger konserven (vegetables) \u2022 EFKO Konserven (vegetables) \u2022 Unilever-Unox (meat) \u2022 Compass (fish &#038; meat) \u2022 HHV (Hop) \u2022 Nateco (Hop) \u2022 Hellenic Dairy (Dairy)<\/p>\r\n\t<h3 class=\"h3_STYLE\">Craft<\/h3>\r\n\t<p>Moorbeer (UK) \u2022 FERAL-Brewing (AUS) \u2022 Trillium Brewing (USA) \u2022 NoDa-Brewing (USA) \u2022 Sleeping Giant Brew (USA) \u2022 Octopi Brew (USA) \u2022 Upper Hand Brewing (USA) \u2022 Ipswich Ale Brewery (USA) \u2022 \r\n\tGreen Gold brew (SLO) \u2022 Browns Brewing (USA) \u2022 Mont Hardi Brew (FR) \u2022 Two Chefs Brew (NL) \u2022 Rabieta Brew (ARG) \u2022ZIP Brew (HUN) \u2022 Oedipus Brewing (NL) \u2022 Camden Brewery (GB) \u2022 \r\n\tBillsons Brewery (AUS) \u2022 Tennessee Brewery (USA) \u2022 Kiuchi Brew (JPN) \u2022 Brussles Beer (BE) \u2022 Wiper &#038; True Brew (GB) \u2022 ACE Cider (USA)<\/p>\r\n\r\n\t<div style=\"height: 40px;\"> <\/div>\r\n\r\n<\/div>\r\n\r\n<div style=\"-moz-transform: scale(-1, 1);\t-webkit-transform: scale(-1, 1);\t-o-transform: scale(-1, 1);\t-ms-transform: scale(-1, 1);\ttransform: scale(-1, 1);\tposition: absolute;\tz-index: -1;\ttop: 540px;\tleft: 170px;\">\r\n\t\r\n\t<div class=\"BG-CIRCLE\" style=\"margin-left: 9px;\"><\/div>\r\n\t\r\n\t<div style=\"height: 20px;\"> <\/div>\r\n\t\r\n\t<div class=\"BG-CIRCLE\" style=\"margin-left: 9px;\"><\/div>\r\n\t\r\n\t<div style=\"height: 20px;\"> <\/div>\r\n\t\r\n\t<div class=\"BG-CIRCLE\" style=\"margin-left: 9px;\"><\/div>\r\n\t\r\n\t<div style=\"height: 20px;\"> <\/div>\r\n\t\r\n\t<svg display=\"block\" viewbox=\"0 0 64 64\" width=\"720px\" height=\"720px\" style=\"margin-top:-155px; margin-bottom: 30px;\">\r\n\t\t<path xmlns=\"http:\/\/www.w3.org\/2000\/svg\" style=\"fill:rgba(0,81,161,0.2); stroke:none; stroke-width:0.264583; \" \r\n\t\td=\"M 57.746007,23.98848 C 53.692559,26.643676 50.040806,28.427577 45.035898,27.878313 35.958739,26.882211 29.46763,17.296408 31.592057,8.5749133 26.970392,9.4593113 19.970626,11.884553 17.813229,16.476782 c 2.752256,1.615874 5.233941,2.989694 7.256876,5.575048 4.515014,5.770095 4.246424,13.963837 -0.341973,19.578346 -2.030234,2.484219 -4.558059,3.706142 -7.258226,5.272901 2.107281,4.549687 9.293982,7.591953 14.001645,8.238344 0.0066,-2.565921 -0.04893,-5.219315 0.837415,-7.670775 2.626539,-7.263447 9.72375,-10.996885 17.200633,-10.229028 3.116107,0.319745 5.386288,2.080079 8.193957,3.150973 1.251769,-5.396131 2.319769,-11.072932 0.04245,-16.404111 m 0.97851,-12.69751 C 58.440012,9.0810353 57.87795,7.0181533 56.534996,5.1998683 49.376746,-4.4920138 33.952631,2.048863 35.626473,13.877038 37.643037,28.126147 60.553906,25.501759 58.724516,11.29097 M 58.35449,52.035981 C 58.069986,49.825966 57.507924,47.763135 56.16497,45.944877 49.006721,36.252888 33.582605,42.793977 35.256448,54.622048 37.273011,68.871157 60.18388,66.246769 58.35449,52.035981 M 24.012728,30.780372 C 23.590556,27.672532 22.372381,24.718841 19.912857,22.654621 11.971149,15.989063 -0.38199103,22.92873 0.91328047,33.101852 2.7712627,47.694511 25.978955,45.259275 24.012728,30.780372 Z\" id=\"path2983\"><\/path>\r\n\t<\/svg>\r\n\t\r\n\t<div class=\"BG-CIRCLE\" style=\"margin-left: 400px;\"><\/div>\r\n\t\r\n\t<div style=\"height: 20px;\"> <\/div>\r\n\t\r\n\t<div class=\"BG-CIRCLE\" style=\"margin-left: 400px;\"><\/div>\r\n\t\r\n\t<div style=\"height: 20px;\"> <\/div>\r\n\t\r\n\t<div class=\"BG-CIRCLE\" style=\"margin-left: 400px;\"><\/div>\r\n\t\r\n<\/div>","protected":false},"excerpt":{"rendered":"Team Eine Firma ist nur so gut wie seine Mitarbeiter und Ihre Passion daf\u00fcr etwas zu schaffen ~ E. Musk Partner Lubeca Maschinen sind weltweit im Einsatz. F\u00fcr die optimale Integration in unterschiedliche Produktionsstra\u00dfen arbeiten wir in gro\u00dfen Projekten mit verschiedenen Kooperationspartnern zusammen: Niko Nahrungsmittel-Maschinen GmbH &#038; Co. KG Ewotech Verpackungs + F\u00fclltechnik GmbH Leibinger&hellip;&nbsp;<a href=\"https:\/\/hantelmann-lubeca.de\/en\/uber-uns\" rel=\"bookmark\">Read More &raquo;<span class=\"screen-reader-text\">About us<\/span><\/a>","protected":false},"author":1,"featured_media":0,"parent":0,"menu_order":0,"comment_status":"closed","ping_status":"closed","template":"","meta":{"inline_featured_image":false,"neve_meta_sidebar":"","neve_meta_container":"","neve_meta_enable_content_width":"off","neve_meta_content_width":100,"neve_meta_title_alignment":"","neve_meta_author_avatar":"","neve_post_elements_order":"","neve_meta_disable_header":"","neve_meta_disable_footer":"","neve_meta_disable_title":"on","footnotes":""},"class_list":["post-210","page","type-page","status-publish","hentry"],"yoast_head":"<!-- This site is optimized with the Yoast SEO plugin v27.3 - https:\/\/yoast.com\/product\/yoast-seo-wordpress\/ -->\n<title>Uber uns - Hantelmann-Lubeca<\/title>\n<meta name=\"robots\" content=\"index, follow, max-snippet:-1, max-image-preview:large, max-video-preview:-1\" \/>\n<link rel=\"canonical\" href=\"https:\/\/hantelmann-lubeca.de\/en\/uber-uns\/\" \/>\n<meta property=\"og:locale\" content=\"en_US\" \/>\n<meta property=\"og:type\" content=\"article\" \/>\n<meta property=\"og:title\" content=\"Uber uns - Hantelmann-Lubeca\" \/>\n<meta property=\"og:description\" content=\"Team Eine Firma ist nur so gut wie seine Mitarbeiter und Ihre Passion daf\u00fcr etwas zu schaffen ~ E. Musk Partner Lubeca Maschinen sind weltweit im Einsatz. F\u00fcr die optimale Integration in unterschiedliche Produktionsstra\u00dfen arbeiten wir in gro\u00dfen Projekten mit verschiedenen Kooperationspartnern zusammen: Niko Nahrungsmittel-Maschinen GmbH &#038; Co. KG Ewotech Verpackungs + F\u00fclltechnik GmbH Leibinger&hellip;&nbsp;Read More &raquo;Uber uns\" \/>\n<meta property=\"og:url\" content=\"https:\/\/hantelmann-lubeca.de\/en\/uber-uns\/\" \/>\n<meta property=\"og:site_name\" content=\"Hantelmann-Lubeca\" \/>\n<meta property=\"article:modified_time\" content=\"2022-03-06T15:15:44+00:00\" \/>\n<meta property=\"og:image\" content=\"https:\/\/hantelmann-lubeca.de\/wp-content\/uploads\/2022\/03\/timeline.png\" \/>\n<meta name=\"twitter:card\" content=\"summary_large_image\" \/>\n<meta name=\"twitter:label1\" content=\"Est. reading time\" \/>\n\t<meta name=\"twitter:data1\" content=\"1 minute\" \/>\n<script type=\"application\/ld+json\" class=\"yoast-schema-graph\">{\"@context\":\"https:\\\/\\\/schema.org\",\"@graph\":[{\"@type\":\"WebPage\",\"@id\":\"https:\\\/\\\/hantelmann-lubeca.de\\\/uber-uns\",\"url\":\"https:\\\/\\\/hantelmann-lubeca.de\\\/uber-uns\",\"name\":\"Uber uns - Hantelmann-Lubeca\",\"isPartOf\":{\"@id\":\"https:\\\/\\\/hantelmann-lubeca.de\\\/#website\"},\"datePublished\":\"2022-03-06T11:20:10+00:00\",\"dateModified\":\"2022-03-06T15:15:44+00:00\",\"breadcrumb\":{\"@id\":\"https:\\\/\\\/hantelmann-lubeca.de\\\/uber-uns#breadcrumb\"},\"inLanguage\":\"en-US\",\"potentialAction\":[{\"@type\":\"ReadAction\",\"target\":[\"https:\\\/\\\/hantelmann-lubeca.de\\\/uber-uns\"]}]},{\"@type\":\"BreadcrumbList\",\"@id\":\"https:\\\/\\\/hantelmann-lubeca.de\\\/uber-uns#breadcrumb\",\"itemListElement\":[{\"@type\":\"ListItem\",\"position\":1,\"name\":\"Startseite\",\"item\":\"https:\\\/\\\/hantelmann-lubeca.de\\\/\"},{\"@type\":\"ListItem\",\"position\":2,\"name\":\"Uber uns\"}]},{\"@type\":\"WebSite\",\"@id\":\"https:\\\/\\\/hantelmann-lubeca.de\\\/#website\",\"url\":\"https:\\\/\\\/hantelmann-lubeca.de\\\/\",\"name\":\"Hantelmann-Lubeca\",\"description\":\"Verschlie\u00dfmaschinen made in Germany\",\"potentialAction\":[{\"@type\":\"SearchAction\",\"target\":{\"@type\":\"EntryPoint\",\"urlTemplate\":\"https:\\\/\\\/hantelmann-lubeca.de\\\/?s={search_term_string}\"},\"query-input\":{\"@type\":\"PropertyValueSpecification\",\"valueRequired\":true,\"valueName\":\"search_term_string\"}}],\"inLanguage\":\"en-US\"}]}<\/script>\n<!-- \/ Yoast SEO plugin. -->","yoast_head_json":{"title":"Uber uns - Hantelmann-Lubeca","robots":{"index":"index","follow":"follow","max-snippet":"max-snippet:-1","max-image-preview":"max-image-preview:large","max-video-preview":"max-video-preview:-1"},"canonical":"https:\/\/hantelmann-lubeca.de\/en\/uber-uns\/","og_locale":"en_US","og_type":"article","og_title":"Uber uns - Hantelmann-Lubeca","og_description":"Team Eine Firma ist nur so gut wie seine Mitarbeiter und Ihre Passion daf\u00fcr etwas zu schaffen ~ E. Musk Partner Lubeca Maschinen sind weltweit im Einsatz. F\u00fcr die optimale Integration in unterschiedliche Produktionsstra\u00dfen arbeiten wir in gro\u00dfen Projekten mit verschiedenen Kooperationspartnern zusammen: Niko Nahrungsmittel-Maschinen GmbH &#038; Co. KG Ewotech Verpackungs + F\u00fclltechnik GmbH Leibinger&hellip;&nbsp;Read More &raquo;Uber uns","og_url":"https:\/\/hantelmann-lubeca.de\/en\/uber-uns\/","og_site_name":"Hantelmann-Lubeca","article_modified_time":"2022-03-06T15:15:44+00:00","og_image":[{"url":"https:\/\/hantelmann-lubeca.de\/wp-content\/uploads\/2022\/03\/timeline.png","type":"","width":"","height":""}],"twitter_card":"summary_large_image","twitter_misc":{"Est. reading time":"1 minute"},"schema":{"@context":"https:\/\/schema.org","@graph":[{"@type":"WebPage","@id":"https:\/\/hantelmann-lubeca.de\/uber-uns","url":"https:\/\/hantelmann-lubeca.de\/uber-uns","name":"Uber uns - Hantelmann-Lubeca","isPartOf":{"@id":"https:\/\/hantelmann-lubeca.de\/#website"},"datePublished":"2022-03-06T11:20:10+00:00","dateModified":"2022-03-06T15:15:44+00:00","breadcrumb":{"@id":"https:\/\/hantelmann-lubeca.de\/uber-uns#breadcrumb"},"inLanguage":"en-US","potentialAction":[{"@type":"ReadAction","target":["https:\/\/hantelmann-lubeca.de\/uber-uns"]}]},{"@type":"BreadcrumbList","@id":"https:\/\/hantelmann-lubeca.de\/uber-uns#breadcrumb","itemListElement":[{"@type":"ListItem","position":1,"name":"Startseite","item":"https:\/\/hantelmann-lubeca.de\/"},{"@type":"ListItem","position":2,"name":"Uber uns"}]},{"@type":"WebSite","@id":"https:\/\/hantelmann-lubeca.de\/#website","url":"https:\/\/hantelmann-lubeca.de\/","name":"Hantelmann-Lubeca","description":"Verschlie\u00dfmaschinen made in Germany","potentialAction":[{"@type":"SearchAction","target":{"@type":"EntryPoint","urlTemplate":"https:\/\/hantelmann-lubeca.de\/?s={search_term_string}"},"query-input":{"@type":"PropertyValueSpecification","valueRequired":true,"valueName":"search_term_string"}}],"inLanguage":"en-US"}]}},"_links":{"self":[{"href":"https:\/\/hantelmann-lubeca.de\/en\/wp-json\/wp\/v2\/pages\/210","targetHints":{"allow":["GET"]}}],"collection":[{"href":"https:\/\/hantelmann-lubeca.de\/en\/wp-json\/wp\/v2\/pages"}],"about":[{"href":"https:\/\/hantelmann-lubeca.de\/en\/wp-json\/wp\/v2\/types\/page"}],"author":[{"embeddable":true,"href":"https:\/\/hantelmann-lubeca.de\/en\/wp-json\/wp\/v2\/users\/1"}],"replies":[{"embeddable":true,"href":"https:\/\/hantelmann-lubeca.de\/en\/wp-json\/wp\/v2\/comments?post=210"}],"version-history":[{"count":4,"href":"https:\/\/hantelmann-lubeca.de\/en\/wp-json\/wp\/v2\/pages\/210\/revisions"}],"predecessor-version":[{"id":387,"href":"https:\/\/hantelmann-lubeca.de\/en\/wp-json\/wp\/v2\/pages\/210\/revisions\/387"}],"wp:attachment":[{"href":"https:\/\/hantelmann-lubeca.de\/en\/wp-json\/wp\/v2\/media?parent=210"}],"curies":[{"name":"wp","href":"https:\/\/api.w.org\/{rel}","templated":true}]}}