{"id":225,"date":"2022-03-06T11:29:11","date_gmt":"2022-03-06T11:29:11","guid":{"rendered":"https:\/\/hantelmann-lubeca.de\/?page_id=225"},"modified":"2022-03-06T15:10:23","modified_gmt":"2022-03-06T15:10:23","slug":"lw210","status":"publish","type":"page","link":"https:\/\/hantelmann-lubeca.de\/en\/maschinen\/lw210","title":{"rendered":"LW210"},"content":{"rendered":"<div style=\"height: 90px;\"> <\/div>\r\n<div style=\"padding: 0% 5%;\">\r\n\t<h2 class=\"h2_STYLE\">LW 210<\/h2>\r\n\t<h3 class=\"h3_STYLE\">Semi-automatic seaming machine for round cans<\/h3>\r\n\t<p>\r\n\t\tThe LW 210-VA works according to the principle of \"stationary cans\", the very robust and proven seaming system is in over 1,000 Machines of the type LW 210 in use worldwide. \nDue to the very large processing range of \u00f8 40 - 235 mm use the machine in many different ways. \nThe new stainless steel design LW 210-VA was designed with regard to today's hygienic requirements\nand work safety optimized.\r\n\t<\/p>\r\n<\/div>\r\n<div class=\"row\" style=\"padding: 0% 5%;\">\r\n\t<div class=\"col-md-6\">\r\n\t\t<img decoding=\"async\" alt=\"LW210\" style=\"max-height: 600px; object-fit: cover; width: 100%;\" src=\"\/wp-content\/uploads\/2022\/03\/LW210_01.png\"\/>\r\n\t<\/div>\r\n\t<div class=\"col-md-6\">\r\n\t\t<h3 class=\"h3_STYLE\">Technical data<\/h3>\r\n\t\t<div style=\"padding-left: 5%;\">\r\n\t\t\t<div class=\"row\" style=\"align-items: center;\"><img decoding=\"async\" alt=\"icon1\" src=\"\/wp-content\/uploads\/2022\/03\/icon-can-width.png\" style=\"width: 60px;\"\/>40 \u2013 230 mm <\/div>\r\n\t\t\t<div class=\"row\" style=\"align-items: center;\"><img decoding=\"async\" alt=\"icon2\" src=\"\/wp-content\/uploads\/2022\/03\/icon-can-hight.png\" style=\"width: 60px;\"\/>20 \u2013 360 mm <\/div>\r\n\t\t\t<div class=\"row\" style=\"align-items: center;\"><img decoding=\"async\" alt=\"icon3\" src=\"\/wp-content\/uploads\/2022\/03\/icon-can-ps.png\" style=\"width: 60px;\"\/>up to 15\/min <\/div>\r\n\t\t\t<div class=\"row\" style=\"align-items: center;\"><img decoding=\"async\" alt=\"icon4\" src=\"\/wp-content\/uploads\/2022\/03\/icon-can-amount.png\" style=\"width: 60px;\"\/>1 Station <\/div>\r\n\t\t<\/div>\r\n\t\t<div style=\"height: 20px;\"> <\/div>\r\n\t\t\r\n\t\t<h3 class=\"h3_STYLE\">Options<\/h3>\r\n\t\t\r\n\t\t<ul>\t\r\n\t\t\t<li>Automatic lid feed<\/li>\r\n\t\t\t<li>Steaming \/ gassing (in combination with lid feeding)<\/li>\r\n\t\t<\/ul>\r\n\t\t\r\n\t\t<div style=\"height: 20px;\"> <\/div>\r\n\t\t\r\n\t\t<div class=\"row\" style=\"padding: 0% 5%;\">\r\n\r\n\t\t\t\t<a style=\"\" href=\"\/wp-content\/uploads\/2022\/03\/LW210-VA.pdf\">\r\n\t\t\t\t\t<img  alt=\"LW210\"src=\"\/wp-content\/uploads\/2022\/03\/icon-pdf-scaled.jpg\" style=\"height: 60px;\"\/>\r\n\t\t\t\t<\/a>\r\n\r\n\t\t\t\t<svg style=\"height: 60px; color: #000; padding-left: 20px; color: #F00;\" aria-hidden=\"true\" focusable=\"false\" data-prefix=\"fab\" data-icon=\"youtube\" role=\"img\" xmlns=\"http:\/\/www.w3.org\/2000\/svg\" viewbox=\"0 0 576 512\" class=\"svg-inline--fa fa-youtube fa-w-18 fa-3x\">\r\n\t\t\t\t\t<path fill=\"currentColor\" d=\"M549.655 124.083c-6.281-23.65-24.787-42.276-48.284-48.597C458.781 64 288 64 288 64S117.22 64 74.629 75.486c-23.497 6.322-42.003 24.947-48.284 48.597-11.412 42.867-11.412 132.305-11.412 132.305s0 89.438 11.412 132.305c6.281 23.65 24.787 41.5 48.284 47.821C117.22 448 288 448 288 448s170.78 0 213.371-11.486c23.497-6.321 42.003-24.171 48.284-47.821 11.412-42.867 11.412-132.305 11.412-132.305s0-89.438-11.412-132.305zm-317.51 213.508V175.185l142.739 81.205-142.739 81.201z\" class=\"\"><\/path>\r\n\t\t\t\t<\/svg>\r\n\r\n\t\t<\/div>\r\n\t<\/div>\r\n<\/div>\r\n\r\n<div style=\"height: 40px;\"> <\/div>\r\n\r\n<div style=\"padding: 0% 5%;\">\r\n\r\n\t<h2 class=\"h2_STYLE\">Lay-out<\/h2>\r\n\t<img decoding=\"async\"  alt=\"LW210\" src=\"\/wp-content\/uploads\/2022\/03\/Aufstellplan-LW210.png\"\/>\r\n\r\n<\/div>\r\n\r\n<div style=\"height: 40px;\"> <\/div>\r\n\r\n<div style=\"padding: 0% 5%;\">\r\n\t<h2 class=\"h2_STYLE\">Details<\/h2>\r\n<\/div>\r\n\r\n<div style=\"height: 40px;\"> <\/div>\r\n\r\n<div class=\"row\" style=\"padding: 0% 5%;\">\r\n\t<div class=\"col-md-4\">\r\n\t\t<img decoding=\"async\"  alt=\"LW210\" src=\"\/wp-content\/uploads\/2022\/03\/LW210_02.png\"\/>\r\n\t<\/div>\r\n\t<div class=\"col-md-4\">\r\n\t\t<img decoding=\"async\"  alt=\"LW210\" src=\"\/wp-content\/uploads\/2022\/03\/LW210_03.png\"\/>\r\n\t<\/div>\r\n\t<div class=\"col-md-4\">\r\n\t\t<img decoding=\"async\"  alt=\"LW210\" src=\"\/wp-content\/uploads\/2022\/03\/LW210_04.png\"\/>\r\n\t<\/div>\r\n<\/div>\r\n\r\n<div style=\"height: 40px;\"> <\/div>\r\n\r\n<div style=\"-moz-transform: scale(-1, 1);\t-webkit-transform: scale(-1, 1);\t-o-transform: scale(-1, 1);\t-ms-transform: scale(-1, 1);\ttransform: scale(-1, 1);\tposition: absolute;\tz-index: -1;\tbottom: -190px;\tright: 0px;\">\r\n\t\r\n\t<svg display=\"block\" viewbox=\"0 0 64 64\" width=\"720px\" height=\"720px\" style=\"margin-top:-155px; margin-bottom: 30px;\">\r\n\t\t<path xmlns=\"http:\/\/www.w3.org\/2000\/svg\" style=\"fill:rgba(0,81,161,0.2); stroke:none; stroke-width:0.264583; \" \r\n\t\td=\"M 57.746007,23.98848 C 53.692559,26.643676 50.040806,28.427577 45.035898,27.878313 35.958739,26.882211 29.46763,17.296408 31.592057,8.5749133 26.970392,9.4593113 19.970626,11.884553 17.813229,16.476782 c 2.752256,1.615874 5.233941,2.989694 7.256876,5.575048 4.515014,5.770095 4.246424,13.963837 -0.341973,19.578346 -2.030234,2.484219 -4.558059,3.706142 -7.258226,5.272901 2.107281,4.549687 9.293982,7.591953 14.001645,8.238344 0.0066,-2.565921 -0.04893,-5.219315 0.837415,-7.670775 2.626539,-7.263447 9.72375,-10.996885 17.200633,-10.229028 3.116107,0.319745 5.386288,2.080079 8.193957,3.150973 1.251769,-5.396131 2.319769,-11.072932 0.04245,-16.404111 m 0.97851,-12.69751 C 58.440012,9.0810353 57.87795,7.0181533 56.534996,5.1998683 49.376746,-4.4920138 33.952631,2.048863 35.626473,13.877038 37.643037,28.126147 60.553906,25.501759 58.724516,11.29097 M 58.35449,52.035981 C 58.069986,49.825966 57.507924,47.763135 56.16497,45.944877 49.006721,36.252888 33.582605,42.793977 35.256448,54.622048 37.273011,68.871157 60.18388,66.246769 58.35449,52.035981 M 24.012728,30.780372 C 23.590556,27.672532 22.372381,24.718841 19.912857,22.654621 11.971149,15.989063 -0.38199103,22.92873 0.91328047,33.101852 2.7712627,47.694511 25.978955,45.259275 24.012728,30.780372 Z\" id=\"path2983\"><\/path>\r\n\t<\/svg>\r\n\r\n<\/div>","protected":false},"excerpt":{"rendered":"LW 210 Halbautomatische Verschlie\u00dfmaschine f\u00fcr runde Dosen Die LW 210-VA arbeitet nach dem Prinzip \u201estillstehende Dosen\u201c, das sehr robuste und bew\u00e4hrte Verschluss\u00adsystem ist in \u00fcber 1.000 Maschinen der Type LW 210 weltweit im Einsatz. Aufgrund des sehr gro\u00dfen Verarbeitungsbereiches von \u00f8 40\u2009\u2013\u2009235 mm l\u00e4sst sich die \u00adMaschine sehr vielf\u00e4ltig einsetzen. Die neue rostfreie LW 210-VA&hellip;&nbsp;<a href=\"https:\/\/hantelmann-lubeca.de\/en\/maschinen\/lw210\" rel=\"bookmark\">Read More &raquo;<span class=\"screen-reader-text\">LW210<\/span><\/a>","protected":false},"author":1,"featured_media":0,"parent":206,"menu_order":0,"comment_status":"closed","ping_status":"closed","template":"","meta":{"inline_featured_image":false,"neve_meta_sidebar":"","neve_meta_container":"","neve_meta_enable_content_width":"off","neve_meta_content_width":100,"neve_meta_title_alignment":"","neve_meta_author_avatar":"","neve_post_elements_order":"","neve_meta_disable_header":"","neve_meta_disable_footer":"","neve_meta_disable_title":"on","footnotes":""},"class_list":["post-225","page","type-page","status-publish","hentry"],"yoast_head":"<!-- This site is optimized with the Yoast SEO plugin v27.3 - https:\/\/yoast.com\/product\/yoast-seo-wordpress\/ -->\n<title>LW210 - Hantelmann-Lubeca<\/title>\n<meta name=\"robots\" content=\"index, follow, max-snippet:-1, max-image-preview:large, max-video-preview:-1\" \/>\n<link rel=\"canonical\" href=\"https:\/\/hantelmann-lubeca.de\/en\/maschinen\/lw210\/\" \/>\n<meta property=\"og:locale\" content=\"en_US\" \/>\n<meta property=\"og:type\" content=\"article\" \/>\n<meta property=\"og:title\" content=\"LW210 - Hantelmann-Lubeca\" \/>\n<meta property=\"og:description\" content=\"LW 210 Halbautomatische Verschlie\u00dfmaschine f\u00fcr runde Dosen Die LW 210-VA arbeitet nach dem Prinzip \u201estillstehende Dosen\u201c, das sehr robuste und bew\u00e4hrte Verschluss\u00adsystem ist in \u00fcber 1.000 Maschinen der Type LW 210 weltweit im Einsatz. Aufgrund des sehr gro\u00dfen Verarbeitungsbereiches von \u00f8 40\u2009\u2013\u2009235 mm l\u00e4sst sich die \u00adMaschine sehr vielf\u00e4ltig einsetzen. Die neue rostfreie LW 210-VA&hellip;&nbsp;Read More &raquo;LW210\" \/>\n<meta property=\"og:url\" content=\"https:\/\/hantelmann-lubeca.de\/en\/maschinen\/lw210\/\" \/>\n<meta property=\"og:site_name\" content=\"Hantelmann-Lubeca\" \/>\n<meta property=\"article:modified_time\" content=\"2022-03-06T15:10:23+00:00\" \/>\n<meta property=\"og:image\" content=\"https:\/\/hantelmann-lubeca.de\/wp-content\/uploads\/2022\/03\/LW210_01.png\" \/>\n<meta name=\"twitter:card\" content=\"summary_large_image\" \/>\n<script type=\"application\/ld+json\" class=\"yoast-schema-graph\">{\"@context\":\"https:\\\/\\\/schema.org\",\"@graph\":[{\"@type\":\"WebPage\",\"@id\":\"https:\\\/\\\/hantelmann-lubeca.de\\\/maschinen\\\/lw210\",\"url\":\"https:\\\/\\\/hantelmann-lubeca.de\\\/maschinen\\\/lw210\",\"name\":\"LW210 - Hantelmann-Lubeca\",\"isPartOf\":{\"@id\":\"https:\\\/\\\/hantelmann-lubeca.de\\\/#website\"},\"datePublished\":\"2022-03-06T11:29:11+00:00\",\"dateModified\":\"2022-03-06T15:10:23+00:00\",\"breadcrumb\":{\"@id\":\"https:\\\/\\\/hantelmann-lubeca.de\\\/maschinen\\\/lw210#breadcrumb\"},\"inLanguage\":\"en-US\",\"potentialAction\":[{\"@type\":\"ReadAction\",\"target\":[\"https:\\\/\\\/hantelmann-lubeca.de\\\/maschinen\\\/lw210\"]}]},{\"@type\":\"BreadcrumbList\",\"@id\":\"https:\\\/\\\/hantelmann-lubeca.de\\\/maschinen\\\/lw210#breadcrumb\",\"itemListElement\":[{\"@type\":\"ListItem\",\"position\":1,\"name\":\"Startseite\",\"item\":\"https:\\\/\\\/hantelmann-lubeca.de\\\/\"},{\"@type\":\"ListItem\",\"position\":2,\"name\":\"Maschinen\",\"item\":\"https:\\\/\\\/hantelmann-lubeca.de\\\/maschinen\"},{\"@type\":\"ListItem\",\"position\":3,\"name\":\"LW210\"}]},{\"@type\":\"WebSite\",\"@id\":\"https:\\\/\\\/hantelmann-lubeca.de\\\/#website\",\"url\":\"https:\\\/\\\/hantelmann-lubeca.de\\\/\",\"name\":\"Hantelmann-Lubeca\",\"description\":\"Verschlie\u00dfmaschinen made in Germany\",\"potentialAction\":[{\"@type\":\"SearchAction\",\"target\":{\"@type\":\"EntryPoint\",\"urlTemplate\":\"https:\\\/\\\/hantelmann-lubeca.de\\\/?s={search_term_string}\"},\"query-input\":{\"@type\":\"PropertyValueSpecification\",\"valueRequired\":true,\"valueName\":\"search_term_string\"}}],\"inLanguage\":\"en-US\"}]}<\/script>\n<!-- \/ Yoast SEO plugin. -->","yoast_head_json":{"title":"LW210 - Hantelmann-Lubeca","robots":{"index":"index","follow":"follow","max-snippet":"max-snippet:-1","max-image-preview":"max-image-preview:large","max-video-preview":"max-video-preview:-1"},"canonical":"https:\/\/hantelmann-lubeca.de\/en\/maschinen\/lw210\/","og_locale":"en_US","og_type":"article","og_title":"LW210 - Hantelmann-Lubeca","og_description":"LW 210 Halbautomatische Verschlie\u00dfmaschine f\u00fcr runde Dosen Die LW 210-VA arbeitet nach dem Prinzip \u201estillstehende Dosen\u201c, das sehr robuste und bew\u00e4hrte Verschluss\u00adsystem ist in \u00fcber 1.000 Maschinen der Type LW 210 weltweit im Einsatz. Aufgrund des sehr gro\u00dfen Verarbeitungsbereiches von \u00f8 40\u2009\u2013\u2009235 mm l\u00e4sst sich die \u00adMaschine sehr vielf\u00e4ltig einsetzen. Die neue rostfreie LW 210-VA&hellip;&nbsp;Read More &raquo;LW210","og_url":"https:\/\/hantelmann-lubeca.de\/en\/maschinen\/lw210\/","og_site_name":"Hantelmann-Lubeca","article_modified_time":"2022-03-06T15:10:23+00:00","og_image":[{"url":"https:\/\/hantelmann-lubeca.de\/wp-content\/uploads\/2022\/03\/LW210_01.png","type":"","width":"","height":""}],"twitter_card":"summary_large_image","schema":{"@context":"https:\/\/schema.org","@graph":[{"@type":"WebPage","@id":"https:\/\/hantelmann-lubeca.de\/maschinen\/lw210","url":"https:\/\/hantelmann-lubeca.de\/maschinen\/lw210","name":"LW210 - Hantelmann-Lubeca","isPartOf":{"@id":"https:\/\/hantelmann-lubeca.de\/#website"},"datePublished":"2022-03-06T11:29:11+00:00","dateModified":"2022-03-06T15:10:23+00:00","breadcrumb":{"@id":"https:\/\/hantelmann-lubeca.de\/maschinen\/lw210#breadcrumb"},"inLanguage":"en-US","potentialAction":[{"@type":"ReadAction","target":["https:\/\/hantelmann-lubeca.de\/maschinen\/lw210"]}]},{"@type":"BreadcrumbList","@id":"https:\/\/hantelmann-lubeca.de\/maschinen\/lw210#breadcrumb","itemListElement":[{"@type":"ListItem","position":1,"name":"Startseite","item":"https:\/\/hantelmann-lubeca.de\/"},{"@type":"ListItem","position":2,"name":"Maschinen","item":"https:\/\/hantelmann-lubeca.de\/maschinen"},{"@type":"ListItem","position":3,"name":"LW210"}]},{"@type":"WebSite","@id":"https:\/\/hantelmann-lubeca.de\/#website","url":"https:\/\/hantelmann-lubeca.de\/","name":"Hantelmann-Lubeca","description":"Verschlie\u00dfmaschinen made in Germany","potentialAction":[{"@type":"SearchAction","target":{"@type":"EntryPoint","urlTemplate":"https:\/\/hantelmann-lubeca.de\/?s={search_term_string}"},"query-input":{"@type":"PropertyValueSpecification","valueRequired":true,"valueName":"search_term_string"}}],"inLanguage":"en-US"}]}},"_links":{"self":[{"href":"https:\/\/hantelmann-lubeca.de\/en\/wp-json\/wp\/v2\/pages\/225","targetHints":{"allow":["GET"]}}],"collection":[{"href":"https:\/\/hantelmann-lubeca.de\/en\/wp-json\/wp\/v2\/pages"}],"about":[{"href":"https:\/\/hantelmann-lubeca.de\/en\/wp-json\/wp\/v2\/types\/page"}],"author":[{"embeddable":true,"href":"https:\/\/hantelmann-lubeca.de\/en\/wp-json\/wp\/v2\/users\/1"}],"replies":[{"embeddable":true,"href":"https:\/\/hantelmann-lubeca.de\/en\/wp-json\/wp\/v2\/comments?post=225"}],"version-history":[{"count":5,"href":"https:\/\/hantelmann-lubeca.de\/en\/wp-json\/wp\/v2\/pages\/225\/revisions"}],"predecessor-version":[{"id":380,"href":"https:\/\/hantelmann-lubeca.de\/en\/wp-json\/wp\/v2\/pages\/225\/revisions\/380"}],"up":[{"embeddable":true,"href":"https:\/\/hantelmann-lubeca.de\/en\/wp-json\/wp\/v2\/pages\/206"}],"wp:attachment":[{"href":"https:\/\/hantelmann-lubeca.de\/en\/wp-json\/wp\/v2\/media?parent=225"}],"curies":[{"name":"wp","href":"https:\/\/api.w.org\/{rel}","templated":true}]}}